{"id":9189,"date":"2025-02-02T18:19:34","date_gmt":"2025-02-02T18:19:34","guid":{"rendered":"https:\/\/www.hernapastelka.cz\/?page_id=9189"},"modified":"2025-02-07T16:48:19","modified_gmt":"2025-02-07T16:48:19","slug":"menu","status":"publish","type":"page","link":"https:\/\/www.hernapastelka.cz\/index.php\/menu\/","title":{"rendered":"Menu"},"content":{"rendered":"\t\t<div data-elementor-type=\"wp-page\" data-elementor-id=\"9189\" class=\"elementor elementor-9189\">\n\t\t\t\t<div class=\"elementor-element elementor-element-8a27168 e-flex e-con-boxed qodef-elementor-content-no e-con e-parent\" data-id=\"8a27168\" data-element_type=\"container\">\n\t\t\t\t\t<div class=\"e-con-inner\">\n\t\t\t\t<div class=\"elementor-element elementor-element-91ce605 elementor-widget elementor-widget-spacer\" data-id=\"91ce605\" data-element_type=\"widget\" data-widget_type=\"spacer.default\">\n\t\t\t\t<div class=\"elementor-widget-container\">\n\t\t\t\t\t\t\t<div class=\"elementor-spacer\">\n\t\t\t<div class=\"elementor-spacer-inner\"><\/div>\n\t\t<\/div>\n\t\t\t\t\t\t<\/div>\n\t\t\t\t<\/div>\n\t\t\t\t\t<\/div>\n\t\t\t\t<\/div>\n\t\t\t\t<section class=\"elementor-section elementor-top-section elementor-element elementor-element-d924db6 elementor-section-full_width elementor-section-height-default elementor-section-height-default qodef-elementor-content-no\" data-id=\"d924db6\" data-element_type=\"section\">\n\t\t\t\t\t\t<div class=\"elementor-container elementor-column-gap-default\">\n\t\t\t\t\t<div class=\"elementor-column elementor-col-100 elementor-top-column elementor-element elementor-element-f97d803 elementor-hidden-desktop elementor-hidden-tablet elementor-hidden-mobile\" data-id=\"f97d803\" data-element_type=\"column\">\n\t\t\t<div class=\"elementor-widget-wrap elementor-element-populated\">\n\t\t\t\t\t\t<div class=\"elementor-element elementor-element-d3042fe elementor-widget elementor-widget-image\" data-id=\"d3042fe\" data-element_type=\"widget\" data-widget_type=\"image.default\">\n\t\t\t\t<div class=\"elementor-widget-container\">\n\t\t\t\t\t\t\t\t\t\t\t\t\t\t\t<img fetchpriority=\"high\" decoding=\"async\" width=\"1300\" height=\"100\" src=\"https:\/\/www.hernapastelka.cz\/wp-content\/uploads\/2020\/07\/h3-separator-1-img-1.png\" class=\"attachment-full size-full wp-image-5935\" alt=\"jj\" srcset=\"https:\/\/www.hernapastelka.cz\/wp-content\/uploads\/2020\/07\/h3-separator-1-img-1.png 1300w, https:\/\/www.hernapastelka.cz\/wp-content\/uploads\/2020\/07\/h3-separator-1-img-1-600x46.png 600w, https:\/\/www.hernapastelka.cz\/wp-content\/uploads\/2020\/07\/h3-separator-1-img-1-300x23.png 300w, https:\/\/www.hernapastelka.cz\/wp-content\/uploads\/2020\/07\/h3-separator-1-img-1-1024x79.png 1024w, https:\/\/www.hernapastelka.cz\/wp-content\/uploads\/2020\/07\/h3-separator-1-img-1-768x59.png 768w\" sizes=\"(max-width: 1300px) 100vw, 1300px\" \/>\t\t\t\t\t\t\t\t\t\t\t\t\t\t\t<\/div>\n\t\t\t\t<\/div>\n\t\t\t\t\t<\/div>\n\t\t<\/div>\n\t\t\t\t\t<\/div>\n\t\t<\/section>\n\t\t<div class=\"elementor-element elementor-element-65bbbb5 e-flex e-con-boxed qodef-elementor-content-no e-con e-parent\" data-id=\"65bbbb5\" data-element_type=\"container\">\n\t\t\t\t\t<div class=\"e-con-inner\">\n\t\t\t\t<div class=\"elementor-element elementor-element-f9a6d30 elementor-widget elementor-widget-spacer\" data-id=\"f9a6d30\" data-element_type=\"widget\" data-widget_type=\"spacer.default\">\n\t\t\t\t<div class=\"elementor-widget-container\">\n\t\t\t\t\t\t\t<div class=\"elementor-spacer\">\n\t\t\t<div class=\"elementor-spacer-inner\"><\/div>\n\t\t<\/div>\n\t\t\t\t\t\t<\/div>\n\t\t\t\t<\/div>\n\t\t\t\t\t<\/div>\n\t\t\t\t<\/div>\n\t\t\t\t<section class=\"elementor-section elementor-top-section elementor-element elementor-element-7e45eb70 qodef-elementor-content-grid elementor-section-boxed elementor-section-height-default elementor-section-height-default\" data-id=\"7e45eb70\" data-element_type=\"section\" data-settings=\"{&quot;background_background&quot;:&quot;classic&quot;}\">\n\t\t\t\t\t\t<div class=\"elementor-container elementor-column-gap-default\">\n\t\t\t\t\t<div class=\"elementor-column elementor-col-50 elementor-top-column elementor-element elementor-element-4f5e5087\" data-id=\"4f5e5087\" data-element_type=\"column\">\n\t\t\t<div class=\"elementor-widget-wrap elementor-element-populated\">\n\t\t\t\t\t\t<div class=\"elementor-element elementor-element-a30f9a5 elementor-widget elementor-widget-playroom_core_section_title\" data-id=\"a30f9a5\" data-element_type=\"widget\" data-widget_type=\"playroom_core_section_title.default\">\n\t\t\t\t<div class=\"elementor-widget-container\">\n\t\t\t\t\t<div class=\"qodef-shortcode qodef-m  qodef-section-title qodef-alignment--left \">\n        <span class=\"qodef-m-tagline\" style=\"margin-bottom: 12px\">Na\u0161e menu<\/span>\r\n\t\t<h2 class=\"qodef-m-title\" style=\"color: #444444\">\n\t\t\t\t\tHerna <span class=\"qodef-m-title--second-color\" style=\"color: #F3C6DF\">Pastelka<\/span>\t\t\t<\/h2>\n\t\t<p class=\"qodef-m-text\" style=\"margin-top: 9px;color: #656565\">Objevte pestrou nab\u00eddku ob\u010derstven\u00ed pro v\u0161echny v\u011bkov\u00e9 kategorie. \u010cekaj\u00ed na v\u00e1s lahodn\u00e9 sendvi\u010de, \u010derstv\u00e9 croissanty a v\u00fdb\u011brov\u00e1 k\u00e1va. Pro d\u011bti m\u00e1me sladk\u00e9 dobroty a osv\u011b\u017euj\u00edc\u00ed n\u00e1poje. P\u0159ij\u010fte si pochutnat!<\/p>\n<\/div>\t\t\t\t<\/div>\n\t\t\t\t<\/div>\n\t\t\t\t\t<\/div>\n\t\t<\/div>\n\t\t\t\t<div class=\"elementor-column elementor-col-50 elementor-top-column elementor-element elementor-element-7e364c64 qodef-custom-appear\" data-id=\"7e364c64\" data-element_type=\"column\">\n\t\t\t<div class=\"elementor-widget-wrap elementor-element-populated\">\n\t\t\t\t\t\t<div class=\"elementor-element elementor-element-59a7cd75 elementor-widget elementor-widget-image\" data-id=\"59a7cd75\" data-element_type=\"widget\" data-widget_type=\"image.default\">\n\t\t\t\t<div class=\"elementor-widget-container\">\n\t\t\t\t\t\t\t\t\t\t\t\t\t\t\t<img decoding=\"async\" width=\"500\" height=\"500\" src=\"https:\/\/www.hernapastelka.cz\/wp-content\/uploads\/2025\/02\/Circular_Pastelka-removebg-preview.png\" class=\"attachment-full size-full wp-image-9478\" alt=\"\" srcset=\"https:\/\/www.hernapastelka.cz\/wp-content\/uploads\/2025\/02\/Circular_Pastelka-removebg-preview.png 500w, https:\/\/www.hernapastelka.cz\/wp-content\/uploads\/2025\/02\/Circular_Pastelka-removebg-preview-300x300.png 300w, https:\/\/www.hernapastelka.cz\/wp-content\/uploads\/2025\/02\/Circular_Pastelka-removebg-preview-150x150.png 150w, https:\/\/www.hernapastelka.cz\/wp-content\/uploads\/2025\/02\/Circular_Pastelka-removebg-preview-100x100.png 100w\" sizes=\"(max-width: 500px) 100vw, 500px\" \/>\t\t\t\t\t\t\t\t\t\t\t\t\t\t\t<\/div>\n\t\t\t\t<\/div>\n\t\t\t\t\t<\/div>\n\t\t<\/div>\n\t\t\t\t\t<\/div>\n\t\t<\/section>\n\t\t\t\t<section class=\"elementor-section elementor-top-section elementor-element elementor-element-f29f7d7 elementor-section-full_width elementor-section-height-default elementor-section-height-default qodef-elementor-content-no\" data-id=\"f29f7d7\" data-element_type=\"section\">\n\t\t\t\t\t\t<div class=\"elementor-container elementor-column-gap-default\">\n\t\t\t\t\t<div class=\"elementor-column elementor-col-100 elementor-top-column elementor-element elementor-element-21ce623\" data-id=\"21ce623\" data-element_type=\"column\">\n\t\t\t<div class=\"elementor-widget-wrap elementor-element-populated\">\n\t\t\t\t\t\t<div class=\"elementor-element elementor-element-faa71e5 e-transform elementor-widget elementor-widget-image\" data-id=\"faa71e5\" data-element_type=\"widget\" data-settings=\"{&quot;_transform_rotateZ_effect&quot;:{&quot;unit&quot;:&quot;px&quot;,&quot;size&quot;:-180,&quot;sizes&quot;:[]},&quot;_transform_rotateZ_effect_tablet&quot;:{&quot;unit&quot;:&quot;deg&quot;,&quot;size&quot;:&quot;&quot;,&quot;sizes&quot;:[]},&quot;_transform_rotateZ_effect_mobile&quot;:{&quot;unit&quot;:&quot;deg&quot;,&quot;size&quot;:&quot;&quot;,&quot;sizes&quot;:[]}}\" data-widget_type=\"image.default\">\n\t\t\t\t<div class=\"elementor-widget-container\">\n\t\t\t\t\t\t\t\t\t\t\t\t\t\t\t<img decoding=\"async\" width=\"1300\" height=\"100\" src=\"https:\/\/www.hernapastelka.cz\/wp-content\/uploads\/2020\/07\/h3-separator-2-img-1-1.png\" class=\"attachment-full size-full wp-image-6258\" alt=\"jj\" srcset=\"https:\/\/www.hernapastelka.cz\/wp-content\/uploads\/2020\/07\/h3-separator-2-img-1-1.png 1300w, https:\/\/www.hernapastelka.cz\/wp-content\/uploads\/2020\/07\/h3-separator-2-img-1-1-600x46.png 600w, https:\/\/www.hernapastelka.cz\/wp-content\/uploads\/2020\/07\/h3-separator-2-img-1-1-300x23.png 300w, https:\/\/www.hernapastelka.cz\/wp-content\/uploads\/2020\/07\/h3-separator-2-img-1-1-1024x79.png 1024w, https:\/\/www.hernapastelka.cz\/wp-content\/uploads\/2020\/07\/h3-separator-2-img-1-1-768x59.png 768w\" sizes=\"(max-width: 1300px) 100vw, 1300px\" \/>\t\t\t\t\t\t\t\t\t\t\t\t\t\t\t<\/div>\n\t\t\t\t<\/div>\n\t\t\t\t\t<\/div>\n\t\t<\/div>\n\t\t\t\t\t<\/div>\n\t\t<\/section>\n\t\t<div class=\"elementor-element elementor-element-1fee3ed e-flex e-con-boxed qodef-elementor-content-no e-con e-parent\" data-id=\"1fee3ed\" data-element_type=\"container\">\n\t\t\t\t\t<div class=\"e-con-inner\">\n\t\t\t\t<div class=\"elementor-element elementor-element-71bdb23 elementor-widget elementor-widget-spacer\" data-id=\"71bdb23\" data-element_type=\"widget\" data-widget_type=\"spacer.default\">\n\t\t\t\t<div class=\"elementor-widget-container\">\n\t\t\t\t\t\t\t<div class=\"elementor-spacer\">\n\t\t\t<div class=\"elementor-spacer-inner\"><\/div>\n\t\t<\/div>\n\t\t\t\t\t\t<\/div>\n\t\t\t\t<\/div>\n\t\t\t\t\t<\/div>\n\t\t\t\t<\/div>\n\t\t\t\t<section class=\"elementor-section elementor-top-section elementor-element elementor-element-82b262a elementor-section-boxed elementor-section-height-default elementor-section-height-default qodef-elementor-content-no\" data-id=\"82b262a\" data-element_type=\"section\" data-settings=\"{&quot;background_background&quot;:&quot;classic&quot;}\">\n\t\t\t\t\t\t<div class=\"elementor-container elementor-column-gap-default\">\n\t\t\t\t\t<div class=\"elementor-column elementor-col-100 elementor-top-column elementor-element elementor-element-b9f24d0\" data-id=\"b9f24d0\" data-element_type=\"column\">\n\t\t\t<div class=\"elementor-widget-wrap elementor-element-populated\">\n\t\t\t\t\t\t<div class=\"elementor-element elementor-element-81d7877 elementor-widget elementor-widget-playroom_core_section_title\" data-id=\"81d7877\" data-element_type=\"widget\" data-widget_type=\"playroom_core_section_title.default\">\n\t\t\t\t<div class=\"elementor-widget-container\">\n\t\t\t\t\t<div class=\"qodef-shortcode qodef-m  qodef-section-title qodef-alignment--center \">\n        <span class=\"qodef-m-tagline\" style=\"margin-bottom: 12px\">Prohl\u00e9dn\u011bte si<\/span>\r\n\t\t<h2 class=\"qodef-m-title\" style=\"color: #F3C6DF\">\n\t\t\t\t\tNa\u0161e <span class=\"qodef-m-title--second-color\" style=\"color: #94E4C9\">menu<\/span>\t\t\t<\/h2>\n\t<\/div>\t\t\t\t<\/div>\n\t\t\t\t<\/div>\n\t\t\t\t\t<\/div>\n\t\t<\/div>\n\t\t\t\t\t<\/div>\n\t\t<\/section>\n\t\t\t\t<section class=\"elementor-section elementor-top-section elementor-element elementor-element-2d58141 elementor-hidden-tablet elementor-hidden-mobile elementor-section-boxed elementor-section-height-default elementor-section-height-default qodef-elementor-content-no\" data-id=\"2d58141\" data-element_type=\"section\" data-settings=\"{&quot;background_background&quot;:&quot;classic&quot;}\">\n\t\t\t\t\t\t<div class=\"elementor-container elementor-column-gap-default\">\n\t\t\t\t\t<div class=\"elementor-column elementor-col-100 elementor-top-column elementor-element elementor-element-5565b8b\" data-id=\"5565b8b\" data-element_type=\"column\">\n\t\t\t<div class=\"elementor-widget-wrap elementor-element-populated\">\n\t\t\t\t\t\t<div class=\"elementor-element elementor-element-77ae22c elementor-widget elementor-widget-image\" data-id=\"77ae22c\" data-element_type=\"widget\" data-widget_type=\"image.default\">\n\t\t\t\t<div class=\"elementor-widget-container\">\n\t\t\t\t\t\t\t\t\t\t\t\t\t\t\t<img loading=\"lazy\" decoding=\"async\" width=\"1664\" height=\"2344\" src=\"https:\/\/www.hernapastelka.cz\/wp-content\/uploads\/2025\/02\/Pastelka_napojovy-listek-1-1-1.png\" class=\"attachment-full size-full wp-image-9271\" alt=\"\" srcset=\"https:\/\/www.hernapastelka.cz\/wp-content\/uploads\/2025\/02\/Pastelka_napojovy-listek-1-1-1.png 1664w, https:\/\/www.hernapastelka.cz\/wp-content\/uploads\/2025\/02\/Pastelka_napojovy-listek-1-1-1-213x300.png 213w, https:\/\/www.hernapastelka.cz\/wp-content\/uploads\/2025\/02\/Pastelka_napojovy-listek-1-1-1-727x1024.png 727w, https:\/\/www.hernapastelka.cz\/wp-content\/uploads\/2025\/02\/Pastelka_napojovy-listek-1-1-1-768x1082.png 768w, https:\/\/www.hernapastelka.cz\/wp-content\/uploads\/2025\/02\/Pastelka_napojovy-listek-1-1-1-1090x1536.png 1090w, https:\/\/www.hernapastelka.cz\/wp-content\/uploads\/2025\/02\/Pastelka_napojovy-listek-1-1-1-1454x2048.png 1454w, https:\/\/www.hernapastelka.cz\/wp-content\/uploads\/2025\/02\/Pastelka_napojovy-listek-1-1-1-600x845.png 600w\" sizes=\"(max-width: 1664px) 100vw, 1664px\" \/>\t\t\t\t\t\t\t\t\t\t\t\t\t\t\t<\/div>\n\t\t\t\t<\/div>\n\t\t\t\t\t<\/div>\n\t\t<\/div>\n\t\t\t\t\t<\/div>\n\t\t<\/section>\n\t\t<div class=\"elementor-element elementor-element-e01f45c elementor-hidden-tablet elementor-hidden-mobile elementor-hidden-desktop e-flex e-con-boxed qodef-elementor-content-no e-con e-parent\" data-id=\"e01f45c\" data-element_type=\"container\">\n\t\t\t\t\t<div class=\"e-con-inner\">\n\t\t\t\t<div class=\"elementor-element elementor-element-53fc1df elementor-widget elementor-widget-html\" data-id=\"53fc1df\" data-element_type=\"widget\" data-widget_type=\"html.default\">\n\t\t\t\t<div class=\"elementor-widget-container\">\n\t\t\t\t\t<section class=\"menicko\" style=\"background-image: url('https:\/\/www.hernapastelka.cz\/wp-content\/uploads\/2025\/02\/Pastelka_napojovy-listek_clean.png'); background-size: 100% 100%; background-repeat: no-repeat; background-position: center; min-height: 100vh; padding: 220px 40px; position: relative; z-index: 1;\">\r\n    <ul>\r\n        <li><span>Espresso<\/span><strong>55 K\u010d<\/strong><\/li>\r\n        <li><span>Lungo<\/span><strong>65 K\u010d<\/strong><\/li>\r\n        <li><span>Espresso Macchiato<\/span><strong>65 K\u010d<\/strong><\/li>\r\n        <li><span>Cappuccino<\/span><strong>65 K\u010d<\/strong><\/li>\r\n        <li><span>Flat White<\/span><strong>75 K\u010d<\/strong><\/li>\r\n        <li><span>Caff\u00e9 Latte<\/span><strong>80 K\u010d<\/strong><\/li>\r\n        <li><span>Caff\u00e9 Latte ochucen\u00e9 (o\u0159\u00ed\u0161ek, karamel)<\/span><strong>85 K\u010d<\/strong><\/li>\r\n        <li><span>Babyccino<\/span><strong>40 K\u010d<\/strong><\/li>\r\n        <li><span>K\u00e1va s rostlinn\u00fdm ml\u00e9kem \/ bez kofeinu<\/span><strong>+10 K\u010d<\/strong><\/li>\r\n        <li><span>Frapp\u00e9<\/span><strong>75 K\u010d<\/strong><\/li>\r\n        <li><span>Ledov\u00e1 k\u00e1va<\/span><strong>75 K\u010d<\/strong><\/li>\r\n        <li><span>\u010caj (ovocn\u00fd, zelen\u00fd, \u010dern\u00fd)<\/span><strong>65 K\u010d<\/strong><\/li>\r\n    <\/ul>\r\n\r\n    <h3>Nealko n\u00e1poje \/ Soft Drinks<\/h3>\r\n    <ul>\r\n        <li><span>Voda (jemn\u011b perliv\u00e1, neperliv\u00e1)<\/span><strong>45 K\u010d<\/strong><\/li>\r\n        <li><span>Karafa vody s citronem a m\u00e1tou<\/span><strong>50 K\u010d<\/strong><\/li>\r\n        <li><span>Pepsi \/ Pepsi Zero<\/span><strong>55 K\u010d<\/strong><\/li>\r\n        <li><span>Mirinda<\/span><strong>55 K\u010d<\/strong><\/li>\r\n        <li><span>Seven Up<\/span><strong>55 K\u010d<\/strong><\/li>\r\n        <li><span>D\u017eus Granini (jablko, jahoda, pomeran\u010d, hru\u0161ka)<\/span><strong>59 K\u010d<\/strong><\/li>\r\n        <li><span>Ledov\u00fd \u010daj Lipton<\/span><strong>55 K\u010d<\/strong><\/li>\r\n        <li><span>Dom\u00e1c\u00ed limon\u00e1da (dle denn\u00ed nab\u00eddky)<\/span><strong>85 K\u010d<\/strong><\/li>\r\n        <li><span>Pomeran\u010dov\u00fd fresh<\/span><strong>80 K\u010d<\/strong><\/li>\r\n    <\/ul>\r\n\r\n    <h3>Alkohol \/ Alcohol<\/h3>\r\n    <ul>\r\n        <li><span>Pivo<\/span><strong>55 K\u010d<\/strong><\/li>\r\n        <li><span>V\u00edno (b\u00edl\u00e9, \u010derven\u00e9)<\/span><strong>85 K\u010d<\/strong><\/li>\r\n        <li><span>Prosecco<\/span><strong>70 K\u010d<\/strong><\/li>\r\n        <li><span>Mimosa<\/span><strong>90 K\u010d<\/strong><\/li>\r\n    <\/ul>\r\n\r\n    <h3>Ob\u010derstven\u00ed \/ Snacks<\/h3>\r\n    <p>Sladk\u00e9 a slan\u00e9 dobr\u016ftky dle denn\u00ed nab\u00eddky<\/p>\r\n<\/section>\r\n\r\n<style>\r\n.menicko {\r\n    width: 100%;\r\n    margin: auto;\r\n    font-family: Arial, sans-serif;\r\n    color: #444;\r\n    box-shadow: 0 4px 6px rgba(0, 0, 0, 0.1);\r\n    text-align: center;\r\n}\r\n.menicko ul {\r\n    list-style: none;\r\n    padding: 0;\r\n}\r\n.menicko li {\r\n    display: flex;\r\n    justify-content: space-between;\r\n    padding: 12px 40px;\r\n    border-bottom: 1px solid #ddd; margin: 0 auto; width: 90%;\r\n    font-size: 20px;\r\n}\r\n.menicko span {\r\n    flex: 1;\r\n    text-align: left;\r\n}\r\n.menicko strong {\r\n    color: #f3c6df;\r\n    text-align: right;\r\n}\r\n<\/style>\r\n\t\t\t\t<\/div>\n\t\t\t\t<\/div>\n\t\t\t\t\t<\/div>\n\t\t\t\t<\/div>\n\t\t<div class=\"elementor-element elementor-element-d418b55 elementor-hidden-desktop e-flex e-con-boxed qodef-elementor-content-no e-con e-parent\" data-id=\"d418b55\" data-element_type=\"container\">\n\t\t\t\t\t<div class=\"e-con-inner\">\n\t\t\t\t<div class=\"elementor-element elementor-element-c8558a8 elementor-widget elementor-widget-html\" data-id=\"c8558a8\" data-element_type=\"widget\" data-widget_type=\"html.default\">\n\t\t\t\t<div class=\"elementor-widget-container\">\n\t\t\t\t\t<section class=\"menicko-mobile\">\r\n    <div class=\"menu-logo\">\r\n        <img decoding=\"async\" src=\"https:\/\/www.hernapastelka.cz\/wp-content\/uploads\/2025\/02\/Pastelka-logo-final-2.png\" alt=\"Pastelka logo\">\r\n    <\/div>\r\n    <ul>\r\n        <li><span>Espresso<\/span><strong>55 K\u010d<\/strong><\/li>\r\n        <li><span>Lungo<\/span><strong>65 K\u010d<\/strong><\/li>\r\n        <li><span>Espresso Macchiato<\/span><strong>65 K\u010d<\/strong><\/li>\r\n        <li><span>Cappuccino<\/span><strong>65 K\u010d<\/strong><\/li>\r\n        <li><span>Flat White<\/span><strong>75 K\u010d<\/strong><\/li>\r\n        <li><span>Caff\u00e9 Latte<\/span><strong>80 K\u010d<\/strong><\/li>\r\n        <li><span>Caff\u00e9 Latte ochucen\u00e9 (o\u0159\u00ed\u0161ek, karamel)<\/span><strong>85 K\u010d<\/strong><\/li>\r\n        <li><span>Babyccino<\/span><strong>40 K\u010d<\/strong><\/li>\r\n        <li><span>K\u00e1va s rostlinn\u00fdm ml\u00e9kem \/ bez kofeinu<\/span><strong>+10 K\u010d<\/strong><\/li>\r\n        <li><span>Frapp\u00e9<\/span><strong>75 K\u010d<\/strong><\/li>\r\n        <li><span>Ledov\u00e1 k\u00e1va<\/span><strong>75 K\u010d<\/strong><\/li>\r\n        <li><span>\u010caj (ovocn\u00fd, zelen\u00fd, \u010dern\u00fd)<\/span><strong>65 K\u010d<\/strong><\/li>\r\n    <\/ul>\r\n\r\n    <h3>Nealko n\u00e1poje \/ Soft Drinks<\/h3>\r\n    <ul>\r\n        <li><span>Voda (jemn\u011b perliv\u00e1, neperliv\u00e1)<\/span><strong>45 K\u010d<\/strong><\/li>\r\n        <li><span>Karafa vody s citronem a m\u00e1tou<\/span><strong>50 K\u010d<\/strong><\/li>\r\n        <li><span>Pepsi \/ Pepsi Zero<\/span><strong>55 K\u010d<\/strong><\/li>\r\n        <li><span>Mirinda<\/span><strong>55 K\u010d<\/strong><\/li>\r\n        <li><span>Seven Up<\/span><strong>55 K\u010d<\/strong><\/li>\r\n        <li><span>D\u017eus Granini (jablko, jahoda, pomeran\u010d, hru\u0161ka)<\/span><strong>59 K\u010d<\/strong><\/li>\r\n        <li><span>Ledov\u00fd \u010daj Lipton<\/span><strong>55 K\u010d<\/strong><\/li>\r\n        <li><span>Dom\u00e1c\u00ed limon\u00e1da (dle denn\u00ed nab\u00eddky)<\/span><strong>85 K\u010d<\/strong><\/li>\r\n        <li><span>Pomeran\u010dov\u00fd fresh<\/span><strong>80 K\u010d<\/strong><\/li>\r\n    <\/ul>\r\n\r\n    <h3>Alkohol \/ Alcohol<\/h3>\r\n    <ul>\r\n        <li><span>Pivo<\/span><strong>55 K\u010d<\/strong><\/li>\r\n        <li><span>V\u00edno (b\u00edl\u00e9, \u010derven\u00e9)<\/span><strong>85 K\u010d<\/strong><\/li>\r\n        <li><span>Prosecco<\/span><strong>70 K\u010d<\/strong><\/li>\r\n        <li><span>Mimosa<\/span><strong>90 K\u010d<\/strong><\/li>\r\n    <\/ul>\r\n\r\n    <h3>Ob\u010derstven\u00ed \/ Snacks<\/h3>\r\n    <p>Sladk\u00e9 a slan\u00e9 dobr\u016ftky dle denn\u00ed nab\u00eddky<\/p>\r\n<\/section>\r\n\r\n<style>\r\n.menicko-mobile {\r\n    width: 100%;\r\n    margin: auto;\r\n    font-family: Arial, sans-serif;\r\n    color: #444;\r\n    text-align: center;\r\n    padding: 50px 20px;\r\n}\r\n.menu-logo {\r\n    text-align: center;\r\n    margin-bottom: 20px;\r\n}\r\n.menu-logo img {\r\n    max-width: 180px;\r\n    height: auto;\r\n}\r\n.menicko-mobile ul {\r\n    list-style: none;\r\n    padding: 0;\r\n}\r\n.menicko-mobile li {\r\n    display: flex;\r\n    justify-content: space-between;\r\n    padding: 10px 0;\r\n    font-size: 16px;\r\n    border-bottom: 1px solid #ddd;\r\n    text-align: left;\r\n}\r\n.menicko-mobile span {\r\n    flex: 1;\r\n    text-align: left;\r\n}\r\n.menicko-mobile strong {\r\n    color: #f3c6df;\r\n    text-align: right;\r\n}\r\n<\/style>\r\n\t\t\t\t<\/div>\n\t\t\t\t<\/div>\n\t\t\t\t\t<\/div>\n\t\t\t\t<\/div>\n\t\t<div class=\"elementor-element elementor-element-77529d0 e-flex e-con-boxed qodef-elementor-content-no e-con e-parent\" data-id=\"77529d0\" data-element_type=\"container\">\n\t\t\t\t\t<div class=\"e-con-inner\">\n\t\t\t\t<div class=\"elementor-element elementor-element-e4c9948 elementor-widget elementor-widget-spacer\" data-id=\"e4c9948\" data-element_type=\"widget\" data-widget_type=\"spacer.default\">\n\t\t\t\t<div class=\"elementor-widget-container\">\n\t\t\t\t\t\t\t<div class=\"elementor-spacer\">\n\t\t\t<div class=\"elementor-spacer-inner\"><\/div>\n\t\t<\/div>\n\t\t\t\t\t\t<\/div>\n\t\t\t\t<\/div>\n\t\t\t\t\t<\/div>\n\t\t\t\t<\/div>\n\t\t\t\t<section class=\"elementor-section elementor-top-section elementor-element elementor-element-76104c53 qodef-elementor-content-grid elementor-section-full_width qodef-contact-details elementor-section-height-default elementor-section-height-default\" data-id=\"76104c53\" data-element_type=\"section\" data-settings=\"{&quot;background_background&quot;:&quot;classic&quot;}\">\n\t\t\t\t\t\t<div class=\"elementor-container elementor-column-gap-default\">\n\t\t\t\t\t<div class=\"elementor-column elementor-col-33 elementor-top-column elementor-element elementor-element-312848f1\" data-id=\"312848f1\" data-element_type=\"column\">\n\t\t\t<div class=\"elementor-widget-wrap elementor-element-populated\">\n\t\t\t\t\t\t<div class=\"elementor-element elementor-element-4b70afea elementor-widget-tablet__width-auto elementor-widget elementor-widget-text-editor\" data-id=\"4b70afea\" data-element_type=\"widget\" data-widget_type=\"text-editor.default\">\n\t\t\t\t<div class=\"elementor-widget-container\">\n\t\t\t\t\t\t\t\t\t<a href=\"https:\/\/www.hernapastelka.cz\/index.php\/pravidla-herny-pastelka\/\" style=\"color: #444444; font-weight: bold;\">Pravidla Herny Pastelka<\/a>\t\t\t\t\t\t\t\t<\/div>\n\t\t\t\t<\/div>\n\t\t\t\t\t<\/div>\n\t\t<\/div>\n\t\t\t\t<div class=\"elementor-column elementor-col-33 elementor-top-column elementor-element elementor-element-194fef05 qodef-faux-footer\" data-id=\"194fef05\" data-element_type=\"column\">\n\t\t\t<div class=\"elementor-widget-wrap elementor-element-populated\">\n\t\t\t\t\t\t<div class=\"elementor-element elementor-element-5711ad84 elementor-widget elementor-widget-text-editor\" data-id=\"5711ad84\" data-element_type=\"widget\" data-widget_type=\"text-editor.default\">\n\t\t\t\t<div class=\"elementor-widget-container\">\n\t\t\t\t\t\t\t\t\t<p style=\"text-align: center;\"><span style=\"color: #444444;\"><span style=\"color: #6c7272;\">\u00a9<\/span><span style=\"color: #6c7272;\"> 2025 <strong>Herna Pastelka<\/strong><\/span>, <\/span><span style=\"color: #6c7272;\">All Rights Reserved<\/span><\/p>\t\t\t\t\t\t\t\t<\/div>\n\t\t\t\t<\/div>\n\t\t\t\t\t<\/div>\n\t\t<\/div>\n\t\t\t\t<div class=\"elementor-column elementor-col-33 elementor-top-column elementor-element elementor-element-73318ca3\" data-id=\"73318ca3\" data-element_type=\"column\">\n\t\t\t<div class=\"elementor-widget-wrap elementor-element-populated\">\n\t\t\t\t\t\t<div class=\"elementor-element elementor-element-666ed4f2 elementor-widget-tablet__width-auto elementor-widget elementor-widget-text-editor\" data-id=\"666ed4f2\" data-element_type=\"widget\" data-widget_type=\"text-editor.default\">\n\t\t\t\t<div class=\"elementor-widget-container\">\n\t\t\t\t\t\t\t\t\t<a href=\"https:\/\/www.hernapastelka.cz\/index.php\/zasady-ochrany-osobnich-udaju\/\" style=\"color: #444444; font-weight: bold;\">Z\u00e1sady ochrany osobn\u00edch \u00fadaj\u016f<\/a>\t\t\t\t\t\t\t\t<\/div>\n\t\t\t\t<\/div>\n\t\t\t\t\t<\/div>\n\t\t<\/div>\n\t\t\t\t\t<\/div>\n\t\t<\/section>\n\t\t\t\t<\/div>\n\t\t","protected":false},"excerpt":{"rendered":"<p>Na\u0161e menu Herna Pastelka Objevte pestrou nab\u00eddku ob\u010derstven\u00ed pro v\u0161echny v\u011bkov\u00e9 kategorie. \u010cekaj\u00ed na v\u00e1s lahodn\u00e9 sendvi\u010de, \u010derstv\u00e9 croissanty a v\u00fdb\u011brov\u00e1 k\u00e1va. Pro d\u011bti m\u00e1me sladk\u00e9 dobroty a osv\u011b\u017euj\u00edc\u00ed n\u00e1poje. P\u0159ij\u010fte si pochutnat! Prohl\u00e9dn\u011bte si Na\u0161e menu Espresso55 K\u010d Lungo65 K\u010d Espresso Macchiato65 K\u010d Cappuccino65 K\u010d Flat White75 K\u010d Caff\u00e9 Latte80 K\u010d Caff\u00e9 Latte ochucen\u00e9 [&hellip;]<\/p>\n","protected":false},"author":1,"featured_media":0,"parent":0,"menu_order":0,"comment_status":"closed","ping_status":"closed","template":"","meta":{"footnotes":""},"class_list":["post-9189","page","type-page","status-publish","hentry"],"_links":{"self":[{"href":"https:\/\/www.hernapastelka.cz\/index.php\/wp-json\/wp\/v2\/pages\/9189","targetHints":{"allow":["GET"]}}],"collection":[{"href":"https:\/\/www.hernapastelka.cz\/index.php\/wp-json\/wp\/v2\/pages"}],"about":[{"href":"https:\/\/www.hernapastelka.cz\/index.php\/wp-json\/wp\/v2\/types\/page"}],"author":[{"embeddable":true,"href":"https:\/\/www.hernapastelka.cz\/index.php\/wp-json\/wp\/v2\/users\/1"}],"replies":[{"embeddable":true,"href":"https:\/\/www.hernapastelka.cz\/index.php\/wp-json\/wp\/v2\/comments?post=9189"}],"version-history":[{"count":95,"href":"https:\/\/www.hernapastelka.cz\/index.php\/wp-json\/wp\/v2\/pages\/9189\/revisions"}],"predecessor-version":[{"id":9509,"href":"https:\/\/www.hernapastelka.cz\/index.php\/wp-json\/wp\/v2\/pages\/9189\/revisions\/9509"}],"wp:attachment":[{"href":"https:\/\/www.hernapastelka.cz\/index.php\/wp-json\/wp\/v2\/media?parent=9189"}],"curies":[{"name":"wp","href":"https:\/\/api.w.org\/{rel}","templated":true}]}}