{"id":9297,"date":"2025-02-02T19:49:20","date_gmt":"2025-02-02T19:49:20","guid":{"rendered":"https:\/\/www.hernapastelka.cz\/?page_id=9297"},"modified":"2025-05-06T13:51:30","modified_gmt":"2025-05-06T13:51:30","slug":"kontakty","status":"publish","type":"page","link":"https:\/\/www.hernapastelka.cz\/index.php\/kontakty\/","title":{"rendered":"Kontakty"},"content":{"rendered":"\t\t<div data-elementor-type=\"wp-page\" data-elementor-id=\"9297\" class=\"elementor elementor-9297\">\n\t\t\t\t<div class=\"elementor-element elementor-element-8a27168 e-flex e-con-boxed qodef-elementor-content-no e-con e-parent\" data-id=\"8a27168\" data-element_type=\"container\">\n\t\t\t\t\t<div class=\"e-con-inner\">\n\t\t\t\t<div class=\"elementor-element elementor-element-91ce605 elementor-widget elementor-widget-spacer\" data-id=\"91ce605\" data-element_type=\"widget\" data-widget_type=\"spacer.default\">\n\t\t\t\t<div class=\"elementor-widget-container\">\n\t\t\t\t\t\t\t<div class=\"elementor-spacer\">\n\t\t\t<div class=\"elementor-spacer-inner\"><\/div>\n\t\t<\/div>\n\t\t\t\t\t\t<\/div>\n\t\t\t\t<\/div>\n\t\t\t\t\t<\/div>\n\t\t\t\t<\/div>\n\t\t\t\t<section class=\"elementor-section elementor-top-section elementor-element elementor-element-d924db6 elementor-section-full_width elementor-section-height-default elementor-section-height-default qodef-elementor-content-no\" data-id=\"d924db6\" data-element_type=\"section\">\n\t\t\t\t\t\t<div class=\"elementor-container elementor-column-gap-default\">\n\t\t\t\t\t<div class=\"elementor-column elementor-col-100 elementor-top-column elementor-element elementor-element-f97d803 elementor-hidden-desktop elementor-hidden-tablet elementor-hidden-mobile\" data-id=\"f97d803\" data-element_type=\"column\">\n\t\t\t<div class=\"elementor-widget-wrap elementor-element-populated\">\n\t\t\t\t\t\t<div class=\"elementor-element elementor-element-d3042fe elementor-widget elementor-widget-image\" data-id=\"d3042fe\" data-element_type=\"widget\" data-widget_type=\"image.default\">\n\t\t\t\t<div class=\"elementor-widget-container\">\n\t\t\t\t\t\t\t\t\t\t\t\t\t\t\t<img fetchpriority=\"high\" decoding=\"async\" width=\"1300\" height=\"100\" src=\"https:\/\/www.hernapastelka.cz\/wp-content\/uploads\/2020\/07\/h3-separator-1-img-1.png\" class=\"attachment-full size-full wp-image-5935\" alt=\"jj\" srcset=\"https:\/\/www.hernapastelka.cz\/wp-content\/uploads\/2020\/07\/h3-separator-1-img-1.png 1300w, https:\/\/www.hernapastelka.cz\/wp-content\/uploads\/2020\/07\/h3-separator-1-img-1-600x46.png 600w, https:\/\/www.hernapastelka.cz\/wp-content\/uploads\/2020\/07\/h3-separator-1-img-1-300x23.png 300w, https:\/\/www.hernapastelka.cz\/wp-content\/uploads\/2020\/07\/h3-separator-1-img-1-1024x79.png 1024w, https:\/\/www.hernapastelka.cz\/wp-content\/uploads\/2020\/07\/h3-separator-1-img-1-768x59.png 768w\" sizes=\"(max-width: 1300px) 100vw, 1300px\" \/>\t\t\t\t\t\t\t\t\t\t\t\t\t\t\t<\/div>\n\t\t\t\t<\/div>\n\t\t\t\t\t<\/div>\n\t\t<\/div>\n\t\t\t\t\t<\/div>\n\t\t<\/section>\n\t\t\t\t<section class=\"elementor-section elementor-top-section elementor-element elementor-element-4c15f344 qodef-elementor-content-grid elementor-section-boxed elementor-section-height-default elementor-section-height-default\" data-id=\"4c15f344\" data-element_type=\"section\">\n\t\t\t\t\t\t<div class=\"elementor-container elementor-column-gap-default\">\n\t\t\t\t\t<div class=\"elementor-column elementor-col-50 elementor-top-column elementor-element elementor-element-1df8d985\" data-id=\"1df8d985\" data-element_type=\"column\">\n\t\t\t<div class=\"elementor-widget-wrap elementor-element-populated\">\n\t\t\t\t\t\t<div class=\"elementor-element elementor-element-51f5bfa2 elementor-widget elementor-widget-playroom_core_section_title\" data-id=\"51f5bfa2\" data-element_type=\"widget\" data-widget_type=\"playroom_core_section_title.default\">\n\t\t\t\t<div class=\"elementor-widget-container\">\n\t\t\t\t\t<div class=\"qodef-shortcode qodef-m  qodef-section-title qodef-alignment--left \">\n    \t\t<h2 class=\"qodef-m-title\" style=\"color: #F3C6DF\">\n\t\t\t\t\t<span class=\"qodef-m-title--third-color\" style=\"color: #8dc8ae\">Kontaktujte<\/span> <span class=\"qodef-m-title--second-color\" style=\"color: #444444\">n\u00e1s<\/span>\t\t\t<\/h2>\n\t\t<p class=\"qodef-m-text\" style=\"margin-top: 13px\">Najdete n\u00e1s snadno \u2013 Herna Pastelka je m\u00edsto, kde se snoub\u00ed d\u011btsk\u00e1 radost a rodi\u010dovsk\u00fd klid.\nKontaktujte n\u00e1s, a\u0165 u\u017e pl\u00e1nujete n\u00e1v\u0161t\u011bvu nebo m\u00e1te dotazy. T\u011b\u0161\u00edme se na v\u00e1s!<\/p>\n<\/div>\t\t\t\t<\/div>\n\t\t\t\t<\/div>\n\t\t\t\t<div class=\"elementor-element elementor-element-4ea934fa elementor-widget elementor-widget-text-editor\" data-id=\"4ea934fa\" data-element_type=\"widget\" data-widget_type=\"text-editor.default\">\n\t\t\t\t<div class=\"elementor-widget-container\">\n\t\t\t\t\t\t\t\t\t<h3>Kontakty<\/h3>\t\t\t\t\t\t\t\t<\/div>\n\t\t\t\t<\/div>\n\t\t\t\t<section class=\"elementor-section elementor-inner-section elementor-element elementor-element-63afe842 elementor-section-boxed elementor-section-height-default elementor-section-height-default qodef-elementor-content-no\" data-id=\"63afe842\" data-element_type=\"section\">\n\t\t\t\t\t\t<div class=\"elementor-container elementor-column-gap-default\">\n\t\t\t\t\t<div class=\"elementor-column elementor-col-50 elementor-inner-column elementor-element elementor-element-4234b8f\" data-id=\"4234b8f\" data-element_type=\"column\">\n\t\t\t<div class=\"elementor-widget-wrap elementor-element-populated\">\n\t\t\t\t\t\t<div class=\"elementor-element elementor-element-5ae52d85 elementor-widget elementor-widget-playroom_core_icon_with_text\" data-id=\"5ae52d85\" data-element_type=\"widget\" data-widget_type=\"playroom_core_icon_with_text.default\">\n\t\t\t\t<div class=\"elementor-widget-container\">\n\t\t\t\t\t<div class=\"qodef-shortcode qodef-m  qodef-icon-with-text qodef-layout--inline qodef--icon-pack qodef-alignment--left\">\n    <div class=\"qodef-m-content\">\n        \t<h6 class=\"qodef-m-title\" >\n        <span class=\"qodef-m-title-inner\">\n            <span class=\"qodef-m-icon-wrapper\">\n                                <span class=\"qodef-shortcode qodef-m  qodef-icon-holder qodef-size--default qodef-layout--normal\"  >\t        <span class=\"qodef-icon-elegant-icons icon_clock_alt qodef-icon qodef-e\" style=\"\" ><\/span>    <\/span>            <\/span>\n            <span class=\"qodef-m-title-text\">\n                Otev\u00edrac\u00ed doba            <\/span>\n        <\/span>\n\t<\/h6>\n            <p class=\"qodef-m-text\" style=\"margin-top: 0px\">\r\n                    Po - Ne 9:30-18:00            <\/p>\r\n    <\/div>\n<\/div>\t\t\t\t<\/div>\n\t\t\t\t<\/div>\n\t\t\t\t<div class=\"elementor-element elementor-element-b02ea58 elementor-widget elementor-widget-playroom_core_icon_with_text\" data-id=\"b02ea58\" data-element_type=\"widget\" data-widget_type=\"playroom_core_icon_with_text.default\">\n\t\t\t\t<div class=\"elementor-widget-container\">\n\t\t\t\t\t<div class=\"qodef-shortcode qodef-m  qodef-icon-with-text qodef-layout--inline qodef--icon-pack qodef-alignment--left\">\n    <div class=\"qodef-m-content\">\n        \t<h6 class=\"qodef-m-title\" >\n        <span class=\"qodef-m-title-inner\">\n            <span class=\"qodef-m-icon-wrapper\">\n                                <span class=\"qodef-shortcode qodef-m  qodef-icon-holder qodef-size--default qodef-layout--normal\"  >\t        <span class=\"qodef-icon-elegant-icons icon_pin qodef-icon qodef-e\" style=\"\" ><\/span>    <\/span>            <\/span>\n            <span class=\"qodef-m-title-text\">\n                Adresa:            <\/span>\n        <\/span>\n\t<\/h6>\n            <p class=\"qodef-m-text\" style=\"margin-top: 0px\">\r\n                    Kubel\u00edkova 717\/ 64, Praha 3            <\/p>\r\n    <\/div>\n<\/div>\t\t\t\t<\/div>\n\t\t\t\t<\/div>\n\t\t\t\t<div class=\"elementor-element elementor-element-3ea39db8 elementor-widget elementor-widget-playroom_core_icon_with_text\" data-id=\"3ea39db8\" data-element_type=\"widget\" data-widget_type=\"playroom_core_icon_with_text.default\">\n\t\t\t\t<div class=\"elementor-widget-container\">\n\t\t\t\t\t<div class=\"qodef-shortcode qodef-m  qodef-icon-with-text qodef-layout--inline qodef--icon-pack qodef-alignment--left\">\n    <div class=\"qodef-m-content\">\n        \t<h6 class=\"qodef-m-title\" >\n        <span class=\"qodef-m-title-inner\">\n            <span class=\"qodef-m-icon-wrapper\">\n                                <span class=\"qodef-shortcode qodef-m  qodef-icon-holder qodef-size--default qodef-layout--normal\"  >\t        <span class=\"qodef-icon-elegant-icons icon_mobile qodef-icon qodef-e\" style=\"\" ><\/span>    <\/span>            <\/span>\n            <span class=\"qodef-m-title-text\">\n                Telefon:            <\/span>\n        <\/span>\n\t<\/h6>\n            <p class=\"qodef-m-text\" style=\"margin-top: 0px\">\r\n                    <a itemprop=\"url\" href=\"tel:+420721514025\" target=\"_blank\">\r\n                    +420 721 514 025                    <\/a>\r\n            <\/p>\r\n    <\/div>\n<\/div>\t\t\t\t<\/div>\n\t\t\t\t<\/div>\n\t\t\t\t<div class=\"elementor-element elementor-element-dc55396 elementor-widget elementor-widget-playroom_core_icon_with_text\" data-id=\"dc55396\" data-element_type=\"widget\" data-widget_type=\"playroom_core_icon_with_text.default\">\n\t\t\t\t<div class=\"elementor-widget-container\">\n\t\t\t\t\t<div class=\"qodef-shortcode qodef-m  qodef-icon-with-text qodef-layout--inline qodef--icon-pack qodef-alignment--left\">\n    <div class=\"qodef-m-content\">\n        \t<h6 class=\"qodef-m-title\" >\n        <span class=\"qodef-m-title-inner\">\n            <span class=\"qodef-m-icon-wrapper\">\n                                <span class=\"qodef-shortcode qodef-m  qodef-icon-holder qodef-size--default qodef-layout--normal\"  >\t        <span class=\"qodef-icon-elegant-icons icon_mail qodef-icon qodef-e\" style=\"\" ><\/span>    <\/span>            <\/span>\n            <span class=\"qodef-m-title-text\">\n                Email:            <\/span>\n        <\/span>\n\t<\/h6>\n            <p class=\"qodef-m-text\" style=\"margin-top: 0px\">\r\n                    <a itemprop=\"url\" href=\"mailto:%20info@hernapastelka.cz\" target=\"_blank\">\r\n                    info@hernapastelka.cz                    <\/a>\r\n            <\/p>\r\n    <\/div>\n<\/div>\t\t\t\t<\/div>\n\t\t\t\t<\/div>\n\t\t\t\t\t<\/div>\n\t\t<\/div>\n\t\t\t\t<div class=\"elementor-column elementor-col-50 elementor-inner-column elementor-element elementor-element-50eda53a\" data-id=\"50eda53a\" data-element_type=\"column\">\n\t\t\t<div class=\"elementor-widget-wrap elementor-element-populated\">\n\t\t\t\t\t\t<div class=\"elementor-element elementor-element-6da4cbda elementor-hidden-desktop elementor-hidden-tablet elementor-hidden-mobile elementor-widget elementor-widget-playroom_core_icon_with_text\" data-id=\"6da4cbda\" data-element_type=\"widget\" data-widget_type=\"playroom_core_icon_with_text.default\">\n\t\t\t\t<div class=\"elementor-widget-container\">\n\t\t\t\t\t<div class=\"qodef-shortcode qodef-m  qodef-icon-with-text qodef-layout--inline qodef--icon-pack qodef-alignment--left\">\n    <div class=\"qodef-m-content\">\n        \t<h6 class=\"qodef-m-title\" >\n        <span class=\"qodef-m-title-inner\">\n            <span class=\"qodef-m-icon-wrapper\">\n                                <span class=\"qodef-shortcode qodef-m  qodef-icon-holder qodef-size--default qodef-layout--normal\"  >\t        <span class=\"qodef-icon-elegant-icons icon_id qodef-icon qodef-e\" style=\"\" ><\/span>    <\/span>            <\/span>\n            <span class=\"qodef-m-title-text\">\n                Organizer name:            <\/span>\n        <\/span>\n\t<\/h6>\n            <p class=\"qodef-m-text\" style=\"margin-top: 0px\">\r\n                    Ella &amp; Tom Grant            <\/p>\r\n    <\/div>\n<\/div>\t\t\t\t<\/div>\n\t\t\t\t<\/div>\n\t\t\t\t\t<\/div>\n\t\t<\/div>\n\t\t\t\t\t<\/div>\n\t\t<\/section>\n\t\t\t\t\t<\/div>\n\t\t<\/div>\n\t\t\t\t<div class=\"elementor-column elementor-col-50 elementor-top-column elementor-element elementor-element-7ac153ec\" data-id=\"7ac153ec\" data-element_type=\"column\">\n\t\t\t<div class=\"elementor-widget-wrap elementor-element-populated\">\n\t\t\t\t\t\t<div class=\"elementor-element elementor-element-7cf52ab6 elementor-widget elementor-widget-image\" data-id=\"7cf52ab6\" data-element_type=\"widget\" data-widget_type=\"image.default\">\n\t\t\t\t<div class=\"elementor-widget-container\">\n\t\t\t\t\t\t\t\t\t\t\t\t\t\t\t<img decoding=\"async\" width=\"500\" height=\"500\" src=\"https:\/\/www.hernapastelka.cz\/wp-content\/uploads\/2025\/02\/Circular_Pastelka-removebg-preview.png\" class=\"attachment-large size-large wp-image-9478\" alt=\"\" srcset=\"https:\/\/www.hernapastelka.cz\/wp-content\/uploads\/2025\/02\/Circular_Pastelka-removebg-preview.png 500w, https:\/\/www.hernapastelka.cz\/wp-content\/uploads\/2025\/02\/Circular_Pastelka-removebg-preview-300x300.png 300w, https:\/\/www.hernapastelka.cz\/wp-content\/uploads\/2025\/02\/Circular_Pastelka-removebg-preview-150x150.png 150w, https:\/\/www.hernapastelka.cz\/wp-content\/uploads\/2025\/02\/Circular_Pastelka-removebg-preview-100x100.png 100w\" sizes=\"(max-width: 500px) 100vw, 500px\" \/>\t\t\t\t\t\t\t\t\t\t\t\t\t\t\t<\/div>\n\t\t\t\t<\/div>\n\t\t\t\t\t<\/div>\n\t\t<\/div>\n\t\t\t\t\t<\/div>\n\t\t<\/section>\n\t\t<div class=\"elementor-element elementor-element-f82f321 e-con-full e-flex qodef-elementor-content-no e-con e-parent\" data-id=\"f82f321\" data-element_type=\"container\">\n\t\t\t\t<div class=\"elementor-element elementor-element-23eebb0 elementor-widget elementor-widget-google_maps\" data-id=\"23eebb0\" data-element_type=\"widget\" data-widget_type=\"google_maps.default\">\n\t\t\t\t<div class=\"elementor-widget-container\">\n\t\t\t\t\t\t\t<div class=\"elementor-custom-embed\">\n\t\t\t<iframe loading=\"lazy\"\n\t\t\t\t\tsrc=\"https:\/\/maps.google.com\/maps?q=Kubel%C3%ADkova%20717%2F%2064%2C%20Praha%203&#038;t=m&#038;z=15&#038;output=embed&#038;iwloc=near\"\n\t\t\t\t\ttitle=\"Kubel\u00edkova 717\/ 64, Praha 3\"\n\t\t\t\t\taria-label=\"Kubel\u00edkova 717\/ 64, Praha 3\"\n\t\t\t><\/iframe>\n\t\t<\/div>\n\t\t\t\t\t\t<\/div>\n\t\t\t\t<\/div>\n\t\t\t\t<\/div>\n\t\t<div class=\"elementor-element elementor-element-77529d0 e-flex e-con-boxed qodef-elementor-content-no e-con e-parent\" data-id=\"77529d0\" data-element_type=\"container\">\n\t\t\t\t\t<div class=\"e-con-inner\">\n\t\t\t\t<div class=\"elementor-element elementor-element-e4c9948 elementor-widget elementor-widget-spacer\" data-id=\"e4c9948\" data-element_type=\"widget\" data-widget_type=\"spacer.default\">\n\t\t\t\t<div class=\"elementor-widget-container\">\n\t\t\t\t\t\t\t<div class=\"elementor-spacer\">\n\t\t\t<div class=\"elementor-spacer-inner\"><\/div>\n\t\t<\/div>\n\t\t\t\t\t\t<\/div>\n\t\t\t\t<\/div>\n\t\t\t\t\t<\/div>\n\t\t\t\t<\/div>\n\t\t\t\t<section class=\"elementor-section elementor-top-section elementor-element elementor-element-192c4c6b qodef-elementor-content-grid elementor-section-full_width qodef-contact-details elementor-section-height-default elementor-section-height-default\" data-id=\"192c4c6b\" data-element_type=\"section\" data-settings=\"{&quot;background_background&quot;:&quot;classic&quot;}\">\n\t\t\t\t\t\t<div class=\"elementor-container elementor-column-gap-default\">\n\t\t\t\t\t<div class=\"elementor-column elementor-col-33 elementor-top-column elementor-element elementor-element-1ff6657d\" data-id=\"1ff6657d\" data-element_type=\"column\">\n\t\t\t<div class=\"elementor-widget-wrap elementor-element-populated\">\n\t\t\t\t\t\t<div class=\"elementor-element elementor-element-4a74c2cf elementor-widget-tablet__width-auto elementor-widget elementor-widget-text-editor\" data-id=\"4a74c2cf\" data-element_type=\"widget\" data-widget_type=\"text-editor.default\">\n\t\t\t\t<div class=\"elementor-widget-container\">\n\t\t\t\t\t\t\t\t\t<a href=\"https:\/\/www.hernapastelka.cz\/index.php\/pravidla-herny-pastelka\/\" style=\"color: #444444; font-weight: bold;\">Pravidla Herny Pastelka<\/a>\t\t\t\t\t\t\t\t<\/div>\n\t\t\t\t<\/div>\n\t\t\t\t\t<\/div>\n\t\t<\/div>\n\t\t\t\t<div class=\"elementor-column elementor-col-33 elementor-top-column elementor-element elementor-element-5617a728 qodef-faux-footer\" data-id=\"5617a728\" data-element_type=\"column\">\n\t\t\t<div class=\"elementor-widget-wrap elementor-element-populated\">\n\t\t\t\t\t\t<div class=\"elementor-element elementor-element-1f83f25d elementor-widget elementor-widget-text-editor\" data-id=\"1f83f25d\" data-element_type=\"widget\" data-widget_type=\"text-editor.default\">\n\t\t\t\t<div class=\"elementor-widget-container\">\n\t\t\t\t\t\t\t\t\t<p style=\"text-align: center;\"><span style=\"color: #444444;\"><span style=\"color: #6c7272;\">\u00a9<\/span><span style=\"color: #6c7272;\"> 2025 <strong>Herna Pastelka<\/strong><\/span>, <\/span><span style=\"color: #6c7272;\">All Rights Reserved<\/span><\/p>\t\t\t\t\t\t\t\t<\/div>\n\t\t\t\t<\/div>\n\t\t\t\t\t<\/div>\n\t\t<\/div>\n\t\t\t\t<div class=\"elementor-column elementor-col-33 elementor-top-column elementor-element elementor-element-40428b99\" data-id=\"40428b99\" data-element_type=\"column\">\n\t\t\t<div class=\"elementor-widget-wrap elementor-element-populated\">\n\t\t\t\t\t\t<div class=\"elementor-element elementor-element-68f8c31f elementor-widget-tablet__width-auto elementor-widget elementor-widget-text-editor\" data-id=\"68f8c31f\" data-element_type=\"widget\" data-widget_type=\"text-editor.default\">\n\t\t\t\t<div class=\"elementor-widget-container\">\n\t\t\t\t\t\t\t\t\t<a href=\"https:\/\/www.hernapastelka.cz\/index.php\/zasady-ochrany-osobnich-udaju\/\" style=\"color: #444444; font-weight: bold;\">Z\u00e1sady ochrany osobn\u00edch \u00fadaj\u016f<\/a>\t\t\t\t\t\t\t\t<\/div>\n\t\t\t\t<\/div>\n\t\t\t\t\t<\/div>\n\t\t<\/div>\n\t\t\t\t\t<\/div>\n\t\t<\/section>\n\t\t\t\t<\/div>\n\t\t","protected":false},"excerpt":{"rendered":"<p>Kontaktujte n\u00e1s Najdete n\u00e1s snadno \u2013 Herna Pastelka je m\u00edsto, kde se snoub\u00ed d\u011btsk\u00e1 radost a rodi\u010dovsk\u00fd klid. Kontaktujte n\u00e1s, a\u0165 u\u017e pl\u00e1nujete n\u00e1v\u0161t\u011bvu nebo m\u00e1te dotazy. T\u011b\u0161\u00edme se na v\u00e1s! Kontakty Otev\u00edrac\u00ed doba Po &#8211; Ne 9:30-18:00 Adresa: Kubel\u00edkova 717\/ 64, Praha 3 Telefon: +420 721 514 025 Email: info@hernapastelka.cz Organizer name: Ella &amp; [&hellip;]<\/p>\n","protected":false},"author":1,"featured_media":0,"parent":0,"menu_order":0,"comment_status":"closed","ping_status":"closed","template":"","meta":{"footnotes":""},"class_list":["post-9297","page","type-page","status-publish","hentry"],"_links":{"self":[{"href":"https:\/\/www.hernapastelka.cz\/index.php\/wp-json\/wp\/v2\/pages\/9297","targetHints":{"allow":["GET"]}}],"collection":[{"href":"https:\/\/www.hernapastelka.cz\/index.php\/wp-json\/wp\/v2\/pages"}],"about":[{"href":"https:\/\/www.hernapastelka.cz\/index.php\/wp-json\/wp\/v2\/types\/page"}],"author":[{"embeddable":true,"href":"https:\/\/www.hernapastelka.cz\/index.php\/wp-json\/wp\/v2\/users\/1"}],"replies":[{"embeddable":true,"href":"https:\/\/www.hernapastelka.cz\/index.php\/wp-json\/wp\/v2\/comments?post=9297"}],"version-history":[{"count":34,"href":"https:\/\/www.hernapastelka.cz\/index.php\/wp-json\/wp\/v2\/pages\/9297\/revisions"}],"predecessor-version":[{"id":9542,"href":"https:\/\/www.hernapastelka.cz\/index.php\/wp-json\/wp\/v2\/pages\/9297\/revisions\/9542"}],"wp:attachment":[{"href":"https:\/\/www.hernapastelka.cz\/index.php\/wp-json\/wp\/v2\/media?parent=9297"}],"curies":[{"name":"wp","href":"https:\/\/api.w.org\/{rel}","templated":true}]}}