{"id":9451,"date":"2025-02-07T16:09:17","date_gmt":"2025-02-07T16:09:17","guid":{"rendered":"https:\/\/www.hernapastelka.cz\/?page_id=9451"},"modified":"2025-02-07T16:53:25","modified_gmt":"2025-02-07T16:53:25","slug":"pravidla-herny-pastelka","status":"publish","type":"page","link":"https:\/\/www.hernapastelka.cz\/index.php\/pravidla-herny-pastelka\/","title":{"rendered":"Pravidla herny Pastelka"},"content":{"rendered":"\t\t<div data-elementor-type=\"wp-page\" data-elementor-id=\"9451\" class=\"elementor elementor-9451\">\n\t\t\t\t<div class=\"elementor-element elementor-element-8a27168 e-flex e-con-boxed qodef-elementor-content-no e-con e-parent\" data-id=\"8a27168\" data-element_type=\"container\">\n\t\t\t\t\t<div class=\"e-con-inner\">\n\t\t\t\t<div class=\"elementor-element elementor-element-91ce605 elementor-widget elementor-widget-spacer\" data-id=\"91ce605\" data-element_type=\"widget\" data-widget_type=\"spacer.default\">\n\t\t\t\t<div class=\"elementor-widget-container\">\n\t\t\t\t\t\t\t<div class=\"elementor-spacer\">\n\t\t\t<div class=\"elementor-spacer-inner\"><\/div>\n\t\t<\/div>\n\t\t\t\t\t\t<\/div>\n\t\t\t\t<\/div>\n\t\t\t\t\t<\/div>\n\t\t\t\t<\/div>\n\t\t\t\t<section class=\"elementor-section elementor-top-section elementor-element elementor-element-82b262a elementor-section-boxed elementor-section-height-default elementor-section-height-default qodef-elementor-content-no\" data-id=\"82b262a\" data-element_type=\"section\" data-settings=\"{&quot;background_background&quot;:&quot;classic&quot;}\">\n\t\t\t\t\t\t<div class=\"elementor-container elementor-column-gap-default\">\n\t\t\t\t\t<div class=\"elementor-column elementor-col-100 elementor-top-column elementor-element elementor-element-b9f24d0\" data-id=\"b9f24d0\" data-element_type=\"column\">\n\t\t\t<div class=\"elementor-widget-wrap elementor-element-populated\">\n\t\t\t\t\t\t<div class=\"elementor-element elementor-element-81d7877 elementor-widget elementor-widget-playroom_core_section_title\" data-id=\"81d7877\" data-element_type=\"widget\" data-widget_type=\"playroom_core_section_title.default\">\n\t\t\t\t<div class=\"elementor-widget-container\">\n\t\t\t\t\t<div class=\"qodef-shortcode qodef-m  qodef-section-title qodef-alignment--center \">\n        <span class=\"qodef-m-tagline\" style=\"margin-bottom: 12px\">Prohl\u00e9dn\u011bte si<\/span>\r\n\t\t<h2 class=\"qodef-m-title\" style=\"color: #F3C6DF\">\n\t\t\t\t\tPravidla <span class=\"qodef-m-title--second-color\" style=\"color: #94E4C9\">na\u0161\u00ed<\/span> <span class=\"qodef-m-title--third-color\" style=\"color: #F3C6DF\">herni\u010dky<\/span>\t\t\t<\/h2>\n\t<\/div>\t\t\t\t<\/div>\n\t\t\t\t<\/div>\n\t\t\t\t\t<\/div>\n\t\t<\/div>\n\t\t\t\t\t<\/div>\n\t\t<\/section>\n\t\t<div class=\"elementor-element elementor-element-65bbbb5 e-flex e-con-boxed qodef-elementor-content-no e-con e-parent\" data-id=\"65bbbb5\" data-element_type=\"container\">\n\t\t\t\t\t<div class=\"e-con-inner\">\n\t\t\t\t<div class=\"elementor-element elementor-element-a9af331 elementor-widget elementor-widget-image\" data-id=\"a9af331\" data-element_type=\"widget\" data-widget_type=\"image.default\">\n\t\t\t\t<div class=\"elementor-widget-container\">\n\t\t\t\t\t\t\t\t\t\t\t\t\t\t\t<img fetchpriority=\"high\" decoding=\"async\" width=\"719\" height=\"1024\" src=\"https:\/\/www.hernapastelka.cz\/wp-content\/uploads\/2025\/02\/Pastelka_pravidla_A4-1-719x1024.png\" class=\"attachment-large size-large wp-image-9454\" alt=\"\" srcset=\"https:\/\/www.hernapastelka.cz\/wp-content\/uploads\/2025\/02\/Pastelka_pravidla_A4-1-719x1024.png 719w, https:\/\/www.hernapastelka.cz\/wp-content\/uploads\/2025\/02\/Pastelka_pravidla_A4-1-211x300.png 211w, https:\/\/www.hernapastelka.cz\/wp-content\/uploads\/2025\/02\/Pastelka_pravidla_A4-1-768x1094.png 768w, https:\/\/www.hernapastelka.cz\/wp-content\/uploads\/2025\/02\/Pastelka_pravidla_A4-1-1078x1536.png 1078w, https:\/\/www.hernapastelka.cz\/wp-content\/uploads\/2025\/02\/Pastelka_pravidla_A4-1-1438x2048.png 1438w, https:\/\/www.hernapastelka.cz\/wp-content\/uploads\/2025\/02\/Pastelka_pravidla_A4-1-600x855.png 600w, https:\/\/www.hernapastelka.cz\/wp-content\/uploads\/2025\/02\/Pastelka_pravidla_A4-1.png 1651w\" sizes=\"(max-width: 719px) 100vw, 719px\" \/>\t\t\t\t\t\t\t\t\t\t\t\t\t\t\t<\/div>\n\t\t\t\t<\/div>\n\t\t\t\t\t<\/div>\n\t\t\t\t<\/div>\n\t\t<div class=\"elementor-element elementor-element-77529d0 e-flex e-con-boxed qodef-elementor-content-no e-con e-parent\" data-id=\"77529d0\" data-element_type=\"container\">\n\t\t\t\t\t<div class=\"e-con-inner\">\n\t\t\t\t<div class=\"elementor-element elementor-element-e4c9948 elementor-widget elementor-widget-spacer\" data-id=\"e4c9948\" data-element_type=\"widget\" data-widget_type=\"spacer.default\">\n\t\t\t\t<div class=\"elementor-widget-container\">\n\t\t\t\t\t\t\t<div class=\"elementor-spacer\">\n\t\t\t<div class=\"elementor-spacer-inner\"><\/div>\n\t\t<\/div>\n\t\t\t\t\t\t<\/div>\n\t\t\t\t<\/div>\n\t\t\t\t\t<\/div>\n\t\t\t\t<\/div>\n\t\t\t\t<section class=\"elementor-section elementor-top-section elementor-element elementor-element-45c0e925 qodef-elementor-content-grid elementor-section-full_width qodef-contact-details elementor-section-height-default elementor-section-height-default\" data-id=\"45c0e925\" data-element_type=\"section\" data-settings=\"{&quot;background_background&quot;:&quot;classic&quot;}\">\n\t\t\t\t\t\t<div class=\"elementor-container elementor-column-gap-default\">\n\t\t\t\t\t<div class=\"elementor-column elementor-col-33 elementor-top-column elementor-element elementor-element-2900660a\" data-id=\"2900660a\" data-element_type=\"column\">\n\t\t\t<div class=\"elementor-widget-wrap elementor-element-populated\">\n\t\t\t\t\t\t<div class=\"elementor-element elementor-element-2753830a elementor-widget-tablet__width-auto elementor-widget elementor-widget-text-editor\" data-id=\"2753830a\" data-element_type=\"widget\" data-widget_type=\"text-editor.default\">\n\t\t\t\t<div class=\"elementor-widget-container\">\n\t\t\t\t\t\t\t\t\t<a href=\"https:\/\/www.hernapastelka.cz\/index.php\/pravidla-herny-pastelka\/\" style=\"color: #444444; font-weight: bold;\">Pravidla Herny Pastelka<\/a>\t\t\t\t\t\t\t\t<\/div>\n\t\t\t\t<\/div>\n\t\t\t\t\t<\/div>\n\t\t<\/div>\n\t\t\t\t<div class=\"elementor-column elementor-col-33 elementor-top-column elementor-element elementor-element-180f5d8 qodef-faux-footer\" data-id=\"180f5d8\" data-element_type=\"column\">\n\t\t\t<div class=\"elementor-widget-wrap elementor-element-populated\">\n\t\t\t\t\t\t<div class=\"elementor-element elementor-element-3371818 elementor-widget elementor-widget-text-editor\" data-id=\"3371818\" data-element_type=\"widget\" data-widget_type=\"text-editor.default\">\n\t\t\t\t<div class=\"elementor-widget-container\">\n\t\t\t\t\t\t\t\t\t<p style=\"text-align: center;\"><span style=\"color: #444444;\"><span style=\"color: #6c7272;\">\u00a9<\/span><span style=\"color: #6c7272;\"> 2025 <strong>Herna Pastelka<\/strong><\/span>, <\/span><span style=\"color: #6c7272;\">All Rights Reserved<\/span><\/p>\t\t\t\t\t\t\t\t<\/div>\n\t\t\t\t<\/div>\n\t\t\t\t\t<\/div>\n\t\t<\/div>\n\t\t\t\t<div class=\"elementor-column elementor-col-33 elementor-top-column elementor-element elementor-element-38a46406\" data-id=\"38a46406\" data-element_type=\"column\">\n\t\t\t<div class=\"elementor-widget-wrap elementor-element-populated\">\n\t\t\t\t\t\t<div class=\"elementor-element elementor-element-15e424db elementor-widget-tablet__width-auto elementor-widget elementor-widget-text-editor\" data-id=\"15e424db\" data-element_type=\"widget\" data-widget_type=\"text-editor.default\">\n\t\t\t\t<div class=\"elementor-widget-container\">\n\t\t\t\t\t\t\t\t\t<a href=\"https:\/\/www.hernapastelka.cz\/index.php\/zasady-ochrany-osobnich-udaju\/\" style=\"color: #444444; font-weight: bold;\">Z\u00e1sady ochrany osobn\u00edch \u00fadaj\u016f<\/a>\t\t\t\t\t\t\t\t<\/div>\n\t\t\t\t<\/div>\n\t\t\t\t\t<\/div>\n\t\t<\/div>\n\t\t\t\t\t<\/div>\n\t\t<\/section>\n\t\t\t\t<\/div>\n\t\t","protected":false},"excerpt":{"rendered":"<p>Prohl\u00e9dn\u011bte si Pravidla na\u0161\u00ed herni\u010dky Pravidla Herny Pastelka \u00a9 2025 Herna Pastelka, All Rights Reserved Z\u00e1sady ochrany osobn\u00edch \u00fadaj\u016f<\/p>\n","protected":false},"author":1,"featured_media":0,"parent":0,"menu_order":0,"comment_status":"closed","ping_status":"closed","template":"","meta":{"footnotes":""},"class_list":["post-9451","page","type-page","status-publish","hentry"],"_links":{"self":[{"href":"https:\/\/www.hernapastelka.cz\/index.php\/wp-json\/wp\/v2\/pages\/9451","targetHints":{"allow":["GET"]}}],"collection":[{"href":"https:\/\/www.hernapastelka.cz\/index.php\/wp-json\/wp\/v2\/pages"}],"about":[{"href":"https:\/\/www.hernapastelka.cz\/index.php\/wp-json\/wp\/v2\/types\/page"}],"author":[{"embeddable":true,"href":"https:\/\/www.hernapastelka.cz\/index.php\/wp-json\/wp\/v2\/users\/1"}],"replies":[{"embeddable":true,"href":"https:\/\/www.hernapastelka.cz\/index.php\/wp-json\/wp\/v2\/comments?post=9451"}],"version-history":[{"count":7,"href":"https:\/\/www.hernapastelka.cz\/index.php\/wp-json\/wp\/v2\/pages\/9451\/revisions"}],"predecessor-version":[{"id":9518,"href":"https:\/\/www.hernapastelka.cz\/index.php\/wp-json\/wp\/v2\/pages\/9451\/revisions\/9518"}],"wp:attachment":[{"href":"https:\/\/www.hernapastelka.cz\/index.php\/wp-json\/wp\/v2\/media?parent=9451"}],"curies":[{"name":"wp","href":"https:\/\/api.w.org\/{rel}","templated":true}]}}