{"id":9466,"date":"2025-02-07T16:27:41","date_gmt":"2025-02-07T16:27:41","guid":{"rendered":"https:\/\/www.hernapastelka.cz\/?page_id=9466"},"modified":"2025-02-07T16:54:37","modified_gmt":"2025-02-07T16:54:37","slug":"zasady-ochrany-osobnich-udaju","status":"publish","type":"page","link":"https:\/\/www.hernapastelka.cz\/index.php\/zasady-ochrany-osobnich-udaju\/","title":{"rendered":"Z\u00e1sady ochrany osobn\u00edch \u00fadaj\u016f"},"content":{"rendered":"\t\t<div data-elementor-type=\"wp-page\" data-elementor-id=\"9466\" class=\"elementor elementor-9466\">\n\t\t\t\t\t\t<section class=\"elementor-section elementor-top-section elementor-element elementor-element-82b262a elementor-section-boxed elementor-section-height-default elementor-section-height-default qodef-elementor-content-no\" data-id=\"82b262a\" data-element_type=\"section\" data-settings=\"{&quot;background_background&quot;:&quot;classic&quot;}\">\n\t\t\t\t\t\t<div class=\"elementor-container elementor-column-gap-default\">\n\t\t\t\t\t<div class=\"elementor-column elementor-col-100 elementor-top-column elementor-element elementor-element-b9f24d0\" data-id=\"b9f24d0\" data-element_type=\"column\">\n\t\t\t<div class=\"elementor-widget-wrap elementor-element-populated\">\n\t\t\t\t\t\t<div class=\"elementor-element elementor-element-81d7877 elementor-widget elementor-widget-playroom_core_section_title\" data-id=\"81d7877\" data-element_type=\"widget\" data-widget_type=\"playroom_core_section_title.default\">\n\t\t\t\t<div class=\"elementor-widget-container\">\n\t\t\t\t\t<div class=\"qodef-shortcode qodef-m  qodef-section-title qodef-alignment--center \">\n    \t\t<h2 class=\"qodef-m-title\" style=\"color: #F3C6DF\">\n\t\t\t\t\tZ\u00e1sady <span class=\"qodef-m-title--second-color\" style=\"color: #94E4C9\">ochrany<\/span> <span class=\"qodef-m-title--third-color\" style=\"color: #F3C6DF\">osobn\u00edch<\/span> \u00fadaj\u016f\t\t\t<\/h2>\n\t<\/div>\t\t\t\t<\/div>\n\t\t\t\t<\/div>\n\t\t\t\t\t<\/div>\n\t\t<\/div>\n\t\t\t\t\t<\/div>\n\t\t<\/section>\n\t\t<div class=\"elementor-element elementor-element-65bbbb5 e-flex e-con-boxed qodef-elementor-content-no e-con e-parent\" data-id=\"65bbbb5\" data-element_type=\"container\">\n\t\t\t\t\t<div class=\"e-con-inner\">\n\t\t\t\t<div class=\"elementor-element elementor-element-9c6104f elementor-widget elementor-widget-text-editor\" data-id=\"9c6104f\" data-element_type=\"widget\" data-widget_type=\"text-editor.default\">\n\t\t\t\t<div class=\"elementor-widget-container\">\n\t\t\t\t\t\t\t\t\t<p><strong>1. \u00davod<\/strong> Tato cookie policy vysv\u011btluje, jak spole\u010dnost <strong>Funtime s.r.o.<\/strong>, se s\u00eddlem <strong>Rybn\u00e1 716\/24, 110 00 Praha &#8211; Star\u00e9 M\u011bsto<\/strong>, I\u010cO: <strong>22184708<\/strong>, DI\u010c: <strong>CZ22184708<\/strong> (d\u00e1le jen &#8222;Spole\u010dnost&#8220; nebo &#8222;my&#8220;), vyu\u017e\u00edv\u00e1 soubory cookies a podobn\u00e9 technologie na webov\u00e9 str\u00e1nce <strong><a href=\"https:\/\/www.hernapastelka.cz\/\">https:\/\/www.hernapastelka.cz\/<\/a><\/strong> (d\u00e1le jen &#8222;webov\u00e1 str\u00e1nka&#8220;).<\/p><p><strong>2. Co jsou cookies?<\/strong> Cookies jsou mal\u00e9 textov\u00e9 soubory, kter\u00e9 jsou ulo\u017eeny na va\u0161em za\u0159\u00edzen\u00ed (po\u010d\u00edta\u010d, tablet, mobiln\u00ed telefon) p\u0159i n\u00e1v\u0161t\u011bv\u011b na\u0161\u00ed webov\u00e9 str\u00e1nky. Cookies pom\u00e1haj\u00ed zajistit spr\u00e1vn\u00e9 fungov\u00e1n\u00ed webu, analyzovat n\u00e1v\u0161t\u011bvnost nebo personalizovat obsah.<\/p><p><strong>3. Jak\u00e9 typy cookies pou\u017e\u00edv\u00e1me?<\/strong> Pou\u017e\u00edv\u00e1me n\u00e1sleduj\u00edc\u00ed typy cookies:<\/p><ul><li><strong>Nezbytn\u00e9 cookies<\/strong> \u2013 Tyto cookies jsou nutn\u00e9 pro spr\u00e1vn\u00e9 fungov\u00e1n\u00ed webov\u00e9 str\u00e1nky a nelze je vypnout. Zaji\u0161\u0165uj\u00ed nap\u0159\u00edklad bezpe\u010dn\u00e9 p\u0159ihl\u00e1\u0161en\u00ed nebo zapamatov\u00e1n\u00ed nastaven\u00ed.<\/li><li><strong>Analytick\u00e9 cookies<\/strong> \u2013 Pom\u00e1haj\u00ed n\u00e1m pochopit, jak n\u00e1v\u0161t\u011bvn\u00edci pou\u017e\u00edvaj\u00ed na\u0161i webovou str\u00e1nku, abychom mohli zlep\u0161ovat jej\u00ed funk\u010dnost (nap\u0159. Google Analytics).<\/li><li><strong>Funk\u010dn\u00ed cookies<\/strong> \u2013 Tyto cookies umo\u017e\u0148uj\u00ed zapamatovat si va\u0161e preference, jako je nap\u0159\u00edklad jazyk nebo vzhled str\u00e1nky.<\/li><li><strong>Marketingov\u00e9 cookies<\/strong> \u2013 Pou\u017e\u00edv\u00e1me je k personalizaci reklam a obsahu podle va\u0161ich z\u00e1jm\u016f.<\/li><\/ul><p><strong>4. Jak m\u016f\u017eete cookies spravovat?<\/strong> Cookies m\u016f\u017eete spravovat nebo vymazat prost\u0159ednictv\u00edm nastaven\u00ed va\u0161eho internetov\u00e9ho prohl\u00ed\u017ee\u010de. M\u016f\u017eete odm\u00edtnout n\u011bkter\u00e9 nebo v\u0161echny cookies, av\u0161ak n\u011bkter\u00e9 \u010d\u00e1sti webov\u00e9 str\u00e1nky nemus\u00ed spr\u00e1vn\u011b fungovat.<\/p><p><strong>5. Pou\u017eit\u00ed slu\u017eeb t\u0159et\u00edch stran<\/strong> Na na\u0161em webu m\u016f\u017eeme pou\u017e\u00edvat slu\u017eby t\u0159et\u00edch stran, jako jsou Google Analytics, Facebook Pixel nebo jin\u00e9 analytick\u00e9 a reklamn\u00ed n\u00e1stroje, kter\u00e9 mohou sb\u00edrat data o va\u0161em chov\u00e1n\u00ed na str\u00e1nk\u00e1ch.<\/p><p><strong>6. Zm\u011bny t\u00e9to politiky<\/strong> Vyhrazujeme si pr\u00e1vo tuto Cookie Policy kdykoli zm\u011bnit. Aktualizovan\u00e1 verze bude zve\u0159ejn\u011bna na t\u00e9to str\u00e1nce.<\/p><p><strong>7. Kontakt<\/strong> Pokud m\u00e1te jak\u00e9koli dotazy ohledn\u011b pou\u017e\u00edv\u00e1n\u00ed cookies, m\u016f\u017eete n\u00e1s kontaktovat na e-mailu <strong><a href=\"mailto:info@hernapastelka.cz\">info@hernapastelka.cz<\/a><\/strong>.<\/p><p>Datum posledn\u00ed aktualizace: 07.02.2025<\/p>\t\t\t\t\t\t\t\t<\/div>\n\t\t\t\t<\/div>\n\t\t\t\t\t<\/div>\n\t\t\t\t<\/div>\n\t\t<div class=\"elementor-element elementor-element-77529d0 e-flex e-con-boxed qodef-elementor-content-no e-con e-parent\" data-id=\"77529d0\" data-element_type=\"container\">\n\t\t\t\t\t<div class=\"e-con-inner\">\n\t\t\t\t<div class=\"elementor-element elementor-element-e4c9948 elementor-widget elementor-widget-spacer\" data-id=\"e4c9948\" data-element_type=\"widget\" data-widget_type=\"spacer.default\">\n\t\t\t\t<div class=\"elementor-widget-container\">\n\t\t\t\t\t\t\t<div class=\"elementor-spacer\">\n\t\t\t<div class=\"elementor-spacer-inner\"><\/div>\n\t\t<\/div>\n\t\t\t\t\t\t<\/div>\n\t\t\t\t<\/div>\n\t\t\t\t\t<\/div>\n\t\t\t\t<\/div>\n\t\t\t\t<section class=\"elementor-section elementor-top-section elementor-element elementor-element-5d9e1e0b qodef-elementor-content-grid elementor-section-full_width qodef-contact-details elementor-section-height-default elementor-section-height-default\" data-id=\"5d9e1e0b\" data-element_type=\"section\" data-settings=\"{&quot;background_background&quot;:&quot;classic&quot;}\">\n\t\t\t\t\t\t<div class=\"elementor-container elementor-column-gap-default\">\n\t\t\t\t\t<div class=\"elementor-column elementor-col-33 elementor-top-column elementor-element elementor-element-67e99a95\" data-id=\"67e99a95\" data-element_type=\"column\">\n\t\t\t<div class=\"elementor-widget-wrap elementor-element-populated\">\n\t\t\t\t\t\t<div class=\"elementor-element elementor-element-15d4127c elementor-widget-tablet__width-auto elementor-widget elementor-widget-text-editor\" data-id=\"15d4127c\" data-element_type=\"widget\" data-widget_type=\"text-editor.default\">\n\t\t\t\t<div class=\"elementor-widget-container\">\n\t\t\t\t\t\t\t\t\t<a href=\"https:\/\/www.hernapastelka.cz\/index.php\/pravidla-herny-pastelka\/\" style=\"color: #444444; font-weight: bold;\">Pravidla Herny Pastelka<\/a>\t\t\t\t\t\t\t\t<\/div>\n\t\t\t\t<\/div>\n\t\t\t\t\t<\/div>\n\t\t<\/div>\n\t\t\t\t<div class=\"elementor-column elementor-col-33 elementor-top-column elementor-element elementor-element-ab0be3a qodef-faux-footer\" data-id=\"ab0be3a\" data-element_type=\"column\">\n\t\t\t<div class=\"elementor-widget-wrap elementor-element-populated\">\n\t\t\t\t\t\t<div class=\"elementor-element elementor-element-4fa0b254 elementor-widget elementor-widget-text-editor\" data-id=\"4fa0b254\" data-element_type=\"widget\" data-widget_type=\"text-editor.default\">\n\t\t\t\t<div class=\"elementor-widget-container\">\n\t\t\t\t\t\t\t\t\t<p style=\"text-align: center;\"><span style=\"color: #444444;\"><span style=\"color: #6c7272;\">\u00a9<\/span><span style=\"color: #6c7272;\"> 2025 <strong>Herna Pastelka<\/strong><\/span>, <\/span><span style=\"color: #6c7272;\">All Rights Reserved<\/span><\/p>\t\t\t\t\t\t\t\t<\/div>\n\t\t\t\t<\/div>\n\t\t\t\t\t<\/div>\n\t\t<\/div>\n\t\t\t\t<div class=\"elementor-column elementor-col-33 elementor-top-column elementor-element elementor-element-675ca109\" data-id=\"675ca109\" data-element_type=\"column\">\n\t\t\t<div class=\"elementor-widget-wrap elementor-element-populated\">\n\t\t\t\t\t\t<div class=\"elementor-element elementor-element-20436a43 elementor-widget-tablet__width-auto elementor-widget elementor-widget-text-editor\" data-id=\"20436a43\" data-element_type=\"widget\" data-widget_type=\"text-editor.default\">\n\t\t\t\t<div class=\"elementor-widget-container\">\n\t\t\t\t\t\t\t\t\t<a href=\"https:\/\/www.hernapastelka.cz\/index.php\/zasady-ochrany-osobnich-udaju\/\" style=\"color: #444444; font-weight: bold;\">Z\u00e1sady ochrany osobn\u00edch \u00fadaj\u016f<\/a>\t\t\t\t\t\t\t\t<\/div>\n\t\t\t\t<\/div>\n\t\t\t\t\t<\/div>\n\t\t<\/div>\n\t\t\t\t\t<\/div>\n\t\t<\/section>\n\t\t\t\t<\/div>\n\t\t","protected":false},"excerpt":{"rendered":"<p>Z\u00e1sady ochrany osobn\u00edch \u00fadaj\u016f 1. \u00davod Tato cookie policy vysv\u011btluje, jak spole\u010dnost Funtime s.r.o., se s\u00eddlem Rybn\u00e1 716\/24, 110 00 Praha &#8211; Star\u00e9 M\u011bsto, I\u010cO: 22184708, DI\u010c: CZ22184708 (d\u00e1le jen &#8222;Spole\u010dnost&#8220; nebo &#8222;my&#8220;), vyu\u017e\u00edv\u00e1 soubory cookies a podobn\u00e9 technologie na webov\u00e9 str\u00e1nce https:\/\/www.hernapastelka.cz\/ (d\u00e1le jen &#8222;webov\u00e1 str\u00e1nka&#8220;). 2. Co jsou cookies? Cookies jsou mal\u00e9 textov\u00e9 [&hellip;]<\/p>\n","protected":false},"author":1,"featured_media":0,"parent":0,"menu_order":0,"comment_status":"closed","ping_status":"closed","template":"","meta":{"footnotes":""},"class_list":["post-9466","page","type-page","status-publish","hentry"],"_links":{"self":[{"href":"https:\/\/www.hernapastelka.cz\/index.php\/wp-json\/wp\/v2\/pages\/9466","targetHints":{"allow":["GET"]}}],"collection":[{"href":"https:\/\/www.hernapastelka.cz\/index.php\/wp-json\/wp\/v2\/pages"}],"about":[{"href":"https:\/\/www.hernapastelka.cz\/index.php\/wp-json\/wp\/v2\/types\/page"}],"author":[{"embeddable":true,"href":"https:\/\/www.hernapastelka.cz\/index.php\/wp-json\/wp\/v2\/users\/1"}],"replies":[{"embeddable":true,"href":"https:\/\/www.hernapastelka.cz\/index.php\/wp-json\/wp\/v2\/comments?post=9466"}],"version-history":[{"count":7,"href":"https:\/\/www.hernapastelka.cz\/index.php\/wp-json\/wp\/v2\/pages\/9466\/revisions"}],"predecessor-version":[{"id":9521,"href":"https:\/\/www.hernapastelka.cz\/index.php\/wp-json\/wp\/v2\/pages\/9466\/revisions\/9521"}],"wp:attachment":[{"href":"https:\/\/www.hernapastelka.cz\/index.php\/wp-json\/wp\/v2\/media?parent=9466"}],"curies":[{"name":"wp","href":"https:\/\/api.w.org\/{rel}","templated":true}]}}